{"id":198,"date":"2017-08-01T09:00:06","date_gmt":"2017-08-01T09:00:06","guid":{"rendered":"http:\/\/rushmore.wpcolorlab.com\/?page_id=198"},"modified":"2023-04-19T11:56:46","modified_gmt":"2023-04-19T11:56:46","slug":"our-team","status":"publish","type":"page","link":"http:\/\/ibse.truni.sk\/index.php\/our-team\/","title":{"rendered":"N\u00e1\u0161 t\u00edm"},"content":{"rendered":"<p><img decoding=\"async\" loading=\"lazy\" class=\"wp-image-1647 alignright\" src=\"http:\/\/ibse.truni.sk\/wp-content\/uploads\/2017\/08\/Untitled-1-2.jpg\" alt=\"\" width=\"336\" height=\"222\" \/><\/p>\n<p>PaedDr. M\u00e1ria Orol\u00ednov\u00e1, PhD.<br \/>\nIng. Val\u00e9ria Obertov\u00e1<br \/>\nRNDr. Michaela Moc\u0148\u00e1kov\u00e1<br \/>\nprof. PhDr. \u013dubom\u00edr Held, CSc.<br \/>\ndoc. PaedDr. Katar\u00edna Kotu\u013e\u00e1kov\u00e1, PhD.<br \/>\nprof. RNDr. Martin Pip\u00ed\u0161ka, PhD.<br \/>\ndoc. Ing. Andrej Kolarovi\u010d, PhD.<br \/>\ndoc. RNDr. Vladim\u00edr Fri\u0161t\u00e1k, PhD.<br \/>\nMgA. \u0160tefan Bla\u017eo, PhD.<\/p>\n","protected":false},"excerpt":{"rendered":"<p>PaedDr. M\u00e1ria Orol\u00ednov\u00e1, PhD. Ing. Val\u00e9ria Obertov\u00e1 RNDr. Michaela Moc\u0148\u00e1kov\u00e1 prof. PhDr. \u013dubom\u00edr Held, CSc. doc. PaedDr. Katar\u00edna Kotu\u013e\u00e1kov\u00e1, PhD. prof. RNDr. Martin Pip\u00ed\u0161ka, PhD. doc. Ing. Andrej Kolarovi\u010d, PhD. doc. RNDr. Vladim\u00edr Fri\u0161t\u00e1k, PhD. MgA. \u0160tefan Bla\u017eo, PhD.<\/p>\n","protected":false},"author":1,"featured_media":1832,"parent":0,"menu_order":0,"comment_status":"closed","ping_status":"closed","template":"","meta":[],"_links":{"self":[{"href":"http:\/\/ibse.truni.sk\/index.php\/wp-json\/wp\/v2\/pages\/198"}],"collection":[{"href":"http:\/\/ibse.truni.sk\/index.php\/wp-json\/wp\/v2\/pages"}],"about":[{"href":"http:\/\/ibse.truni.sk\/index.php\/wp-json\/wp\/v2\/types\/page"}],"author":[{"embeddable":true,"href":"http:\/\/ibse.truni.sk\/index.php\/wp-json\/wp\/v2\/users\/1"}],"replies":[{"embeddable":true,"href":"http:\/\/ibse.truni.sk\/index.php\/wp-json\/wp\/v2\/comments?post=198"}],"version-history":[{"count":11,"href":"http:\/\/ibse.truni.sk\/index.php\/wp-json\/wp\/v2\/pages\/198\/revisions"}],"predecessor-version":[{"id":2323,"href":"http:\/\/ibse.truni.sk\/index.php\/wp-json\/wp\/v2\/pages\/198\/revisions\/2323"}],"wp:featuredmedia":[{"embeddable":true,"href":"http:\/\/ibse.truni.sk\/index.php\/wp-json\/wp\/v2\/media\/1832"}],"wp:attachment":[{"href":"http:\/\/ibse.truni.sk\/index.php\/wp-json\/wp\/v2\/media?parent=198"}],"curies":[{"name":"wp","href":"https:\/\/api.w.org\/{rel}","templated":true}]}}