{"id":2,"date":"2023-03-27T14:27:31","date_gmt":"2023-03-27T14:27:31","guid":{"rendered":"http:\/\/185.8.166.57\/?page_id=2"},"modified":"2023-04-20T10:20:26","modified_gmt":"2023-04-20T10:20:26","slug":"projekt","status":"publish","type":"page","link":"http:\/\/ibse.truni.sk\/index.php\/projekt\/","title":{"rendered":"O projekte"},"content":{"rendered":"<h1 class=\"page-title\"><span class=\"field field--name-title field--type-string field--label-hidden\">Adapt\u00e1cia v\u00fdskumne ladenej koncepcie<br \/>\npr\u00edrodovedn\u00e9ho a technick\u00e9ho vzdel\u00e1vania<br \/>\npre di\u0161tan\u010dn\u00e9 a on\u00ad\u2011line vyu\u010dovanie:<br \/>\n<\/span><span class=\"field field--name-title field--type-string field--label-hidden\">sk\u00famanie v \u00e9teri<\/span><\/h1>\n<p><img decoding=\"async\" loading=\"lazy\" class=\"size-medium wp-image-2346 alignright\" src=\"http:\/\/ibse.truni.sk\/wp-content\/uploads\/2023\/04\/logo_EU-300x71.jpg\" alt=\"\" width=\"300\" height=\"71\" srcset=\"http:\/\/ibse.truni.sk\/wp-content\/uploads\/2023\/04\/logo_EU-300x71.jpg 300w, http:\/\/ibse.truni.sk\/wp-content\/uploads\/2023\/04\/logo_EU-1024x244.jpg 1024w, http:\/\/ibse.truni.sk\/wp-content\/uploads\/2023\/04\/logo_EU-768x183.jpg 768w, http:\/\/ibse.truni.sk\/wp-content\/uploads\/2023\/04\/logo_EU.jpg 1079w\" sizes=\"(max-width: 300px) 100vw, 300px\" \/>INTERREG (NFP304011AZC7)<\/p>\n<p><b>Prioritn\u00e1 os:<\/b>\u00a01. Vyu\u017e\u00edvanie inova\u010dn\u00e9ho potenci\u00e1lu<\/p>\n<p><b><img decoding=\"async\" loading=\"lazy\" class=\"size-medium wp-image-2353 alignright\" src=\"http:\/\/ibse.truni.sk\/wp-content\/uploads\/2023\/04\/logo_IRRVA_2014-20_program-300x78.jpg\" alt=\"\" width=\"300\" height=\"78\" srcset=\"http:\/\/ibse.truni.sk\/wp-content\/uploads\/2023\/04\/logo_IRRVA_2014-20_program-300x78.jpg 300w, http:\/\/ibse.truni.sk\/wp-content\/uploads\/2023\/04\/logo_IRRVA_2014-20_program-768x200.jpg 768w, http:\/\/ibse.truni.sk\/wp-content\/uploads\/2023\/04\/logo_IRRVA_2014-20_program.jpg 980w\" sizes=\"(max-width: 300px) 100vw, 300px\" \/>\u0160pecifick\u00fd cie\u013e:<\/b> 1.1 Zv\u00fd\u0161enie relevantnosti obsahu vzdel\u00e1vania<br \/>\npre potreby trhu pr\u00e1ce s cie\u013eom zlep\u0161enia uplatnite\u013enosti na trhu pr\u00e1ce.<\/p>\n<p><b>Trvanie projektu:<\/b>\u00a001\/2022\u00a0\u2013 06\/2023<\/p>\n<p>&nbsp;<\/p>\n<div id='gallery-1' class='gallery galleryid-2 gallery-columns-2 gallery-size-thumbnail'><figure class='gallery-item'>\n\t\t\t<div class='gallery-icon portrait'>\n\t\t\t\t<a href='http:\/\/ibse.truni.sk\/ou\/'><img width=\"150\" height=\"150\" src=\"http:\/\/ibse.truni.sk\/wp-content\/uploads\/2023\/04\/OU-150x150.png\" class=\"attachment-thumbnail size-thumbnail\" alt=\"\" decoding=\"async\" loading=\"lazy\" aria-describedby=\"gallery-1-2412\" srcset=\"http:\/\/ibse.truni.sk\/wp-content\/uploads\/2023\/04\/OU-150x150.png 150w, http:\/\/ibse.truni.sk\/wp-content\/uploads\/2023\/04\/OU-300x300.png 300w, http:\/\/ibse.truni.sk\/wp-content\/uploads\/2023\/04\/OU.png 700w\" sizes=\"(max-width: 150px) 100vw, 150px\" \/><\/a>\n\t\t\t<\/div>\n\t\t\t\t<figcaption class='wp-caption-text gallery-caption' id='gallery-1-2412'>\n\t\t\t\tVed\u00faci partner projektu:\u00a0Ostravsk\u00e1 univerzita (Moravskoslezsk\u00fd kraj)\n\t\t\t\t<\/figcaption><\/figure><figure class='gallery-item'>\n\t\t\t<div class='gallery-icon landscape'>\n\t\t\t\t<a href='http:\/\/ibse.truni.sk\/logo-tu-2\/'><img width=\"150\" height=\"150\" src=\"http:\/\/ibse.truni.sk\/wp-content\/uploads\/2023\/04\/LOGO-TU-150x150.png\" class=\"attachment-thumbnail size-thumbnail\" alt=\"\" decoding=\"async\" loading=\"lazy\" aria-describedby=\"gallery-1-2410\" srcset=\"http:\/\/ibse.truni.sk\/wp-content\/uploads\/2023\/04\/LOGO-TU-150x150.png 150w, http:\/\/ibse.truni.sk\/wp-content\/uploads\/2023\/04\/LOGO-TU-300x300.png 300w, http:\/\/ibse.truni.sk\/wp-content\/uploads\/2023\/04\/LOGO-TU-1024x1024.png 1024w, http:\/\/ibse.truni.sk\/wp-content\/uploads\/2023\/04\/LOGO-TU-768x768.png 768w, http:\/\/ibse.truni.sk\/wp-content\/uploads\/2023\/04\/LOGO-TU.png 1080w\" sizes=\"(max-width: 150px) 100vw, 150px\" \/><\/a>\n\t\t\t<\/div>\n\t\t\t\t<figcaption class='wp-caption-text gallery-caption' id='gallery-1-2410'>\n\t\t\t\tHlavn\u00fd cezhrani\u010dn\u00fd partner: Trnavsk\u00e1 univerzita v Trnave (Trnavsk\u00fd kraj)\n\t\t\t\t<\/figcaption><\/figure>\n\t\t<\/div>\n\n<p><b>Rie\u0161ite\u013esk\u00fd t\u00edm:<\/b><\/p>\n<p>PaedDr. M\u00e1ria Orol\u00ednov\u00e1, PhD.;\u00a0Ing. Val\u00e9ria Obertov\u00e1;\u00a0RNDr. Michaela Moc\u0148\u00e1kov\u00e1<\/p>\n<p>prof. PhDr. \u013dubom\u00edr Held, CSc.;\u00a0doc. PaedDr. Katar\u00edna Kotu\u013e\u00e1kov\u00e1, PhD.;\u00a0prof. RNDr. Martin Pip\u00ed\u0161ka, PhD.;\u00a0doc. Ing. Andrej Kolarovi\u010d, PhD.;\u00a0doc. RNDr. Vladim\u00edr Fri\u0161t\u00e1k, PhD.;\u00a0MgA. \u0160tefan Bla\u017eo, PhD.<\/p>\n<p>Cie\u013eom projektu je zabezpe\u010denie rozvoja k\u013e\u00fa\u010dov\u00fdch kompetenci\u00ed po\u017eadovan\u00fdch na trhu pr\u00e1ce aj formou di\u0161tan\u010dn\u00e9ho a on\u00ad\u2011line vyu\u010dovania, a to nielen vo v\u00fdnimo\u010dn\u00fdch situ\u00e1ci\u00e1ch ako je pand\u00e9mia koronav\u00edrusu. D\u00f4raz sa kladie na kompetencie \u017eiadan\u00e9 zamestn\u00e1vate\u013emi, ktor\u00e9 vo vzdel\u00e1van\u00ed predstavuj\u00fa akt\u00edvny pr\u00edstup k vzdel\u00e1vaniu a rie\u0161eniu rozmanit\u00fdch v\u00fdziev. N\u00e1strojom pre rozvoj kompetencie potrebn\u00e9ho na trhu pr\u00e1ce bude vzdel\u00e1vac\u00ed program zalo\u017een\u00fd na akt\u00edvnom pr\u00edstupe \u017eiaka k pozn\u00e1vaniu pr\u00edrodovedn\u00fdch a technick\u00fdch ot\u00e1zok, tzn. na v\u00fdskumne ladenej koncepcii pr\u00edrodovedn\u00e9ho a technick\u00e9ho vzdel\u00e1vania (b\u00e1date\u013eskom vzdel\u00e1van\u00ed), a to v di\u0161tan\u010dnej podobe (v on\u00ad\u2011line priestore).<\/p>\n<p>Realiz\u00e1cia projektu posiln\u00ed vytvorenie r\u00f4znorodej cezhrani\u010dnej vzdel\u00e1vacej infra\u0161trukt\u00fary, ktor\u00e1 v\u010faka spolupr\u00e1ci a\u00a0synergii expertov z\u00a0oblasti vzdel\u00e1vania skvalitn\u00ed a\u00a0optimalizuje pr\u00e1cu s\u00a0cie\u013eov\u00fdmi skupinami, t.\u00a0j. \u017eiakmi a\u00a0u\u010dite\u013emi z\u00e1kladn\u00fdch a\u00a0stredn\u00fdch v\u0161eobecne vzdel\u00e1vac\u00edch \u0161k\u00f4l. Neust\u00e1le z\u00e1rove\u0148 berie na zrete\u013e potrebu rozvoja pr\u00edrodovedeckej a\u00a0technickej gramotnosti as \u0148ou s\u00favisiace potreby trhu pr\u00e1ce. Po\u010das rie\u0161enia projektu vznikne vzdel\u00e1vac\u00ed program (A3, A7, A15), ktor\u00fd v\u00a0on\u00ad\u2011line priestore pon\u00fakne 20 r\u00f4znych vzdel\u00e1vac\u00edch aktiv\u00edt s\u00a0pr\u00edslu\u0161n\u00fdm metodick\u00fdm materi\u00e1lom s\u00a0d\u00f4razom na v\u00fdskumn\u00fa \u010dinnos\u0165 ako model pre nadob\u00fadanie zamestn\u00e1vate\u013emi po\u017eadovan\u00fdch kompetenci\u00ed. Predpoklad\u00e1me, \u017ee postupne (v\u00a0horizonte najbli\u017e\u0161\u00edch 5\u00a0rokov) bude materi\u00e1l vyu\u017e\u00edvan\u00fd minim\u00e1lne dvojn\u00e1sobn\u00fdm po\u010dtom u\u010dite\u013eov a\u00a0\u017eiakov (60 u\u010dite\u013eov a\u00a0minim\u00e1lne 3\u00a0000 \u017eiakov) ako je pl\u00e1novan\u00fd po\u010det u\u010dite\u013eov a\u00a0ich \u017eiakov zapojen\u00fdch v\u00a0projekte (30 u\u010dite\u013eov a\u00a01\u00a0500 \u017eiakov v\u00a0prvotnej f\u00e1ze \u0161kolenia a\u00a0overovanie programu, A5, A6, A8).<\/p>\n","protected":false},"excerpt":{"rendered":"<p>Adapt\u00e1cia v\u00fdskumne ladenej koncepcie pr\u00edrodovedn\u00e9ho a technick\u00e9ho vzdel\u00e1vania pre di\u0161tan\u010dn\u00e9 a on\u00ad\u2011line vyu\u010dovanie: sk\u00famanie v \u00e9teri INTERREG (NFP304011AZC7) Prioritn\u00e1 os:\u00a01. Vyu\u017e\u00edvanie inova\u010dn\u00e9ho potenci\u00e1lu \u0160pecifick\u00fd cie\u013e: 1.1 Zv\u00fd\u0161enie relevantnosti obsahu vzdel\u00e1vania pre potreby trhu pr\u00e1ce s cie\u013eom zlep\u0161enia uplatnite\u013enosti na trhu pr\u00e1ce. Trvanie projektu:\u00a001\/2022\u00a0\u2013 06\/2023 &nbsp; Rie\u0161ite\u013esk\u00fd t\u00edm: PaedDr. M\u00e1ria Orol\u00ednov\u00e1, PhD.;\u00a0Ing. Val\u00e9ria Obertov\u00e1;\u00a0RNDr. Michaela Moc\u0148\u00e1kov\u00e1&#8230;<\/p>\n<p class=\"more-link-wrap\"><a href=\"http:\/\/ibse.truni.sk\/index.php\/projekt\/\" class=\"more-link\">Read More<span class=\"screen-reader-text\"> &ldquo;O projekte&rdquo;<\/span> &raquo;<\/a><\/p>\n","protected":false},"author":1,"featured_media":0,"parent":0,"menu_order":0,"comment_status":"closed","ping_status":"open","template":"","meta":[],"_links":{"self":[{"href":"http:\/\/ibse.truni.sk\/index.php\/wp-json\/wp\/v2\/pages\/2"}],"collection":[{"href":"http:\/\/ibse.truni.sk\/index.php\/wp-json\/wp\/v2\/pages"}],"about":[{"href":"http:\/\/ibse.truni.sk\/index.php\/wp-json\/wp\/v2\/types\/page"}],"author":[{"embeddable":true,"href":"http:\/\/ibse.truni.sk\/index.php\/wp-json\/wp\/v2\/users\/1"}],"replies":[{"embeddable":true,"href":"http:\/\/ibse.truni.sk\/index.php\/wp-json\/wp\/v2\/comments?post=2"}],"version-history":[{"count":13,"href":"http:\/\/ibse.truni.sk\/index.php\/wp-json\/wp\/v2\/pages\/2\/revisions"}],"predecessor-version":[{"id":2443,"href":"http:\/\/ibse.truni.sk\/index.php\/wp-json\/wp\/v2\/pages\/2\/revisions\/2443"}],"wp:attachment":[{"href":"http:\/\/ibse.truni.sk\/index.php\/wp-json\/wp\/v2\/media?parent=2"}],"curies":[{"name":"wp","href":"https:\/\/api.w.org\/{rel}","templated":true}]}}