{"id":257,"date":"2017-08-02T09:22:17","date_gmt":"2017-08-02T09:22:17","guid":{"rendered":"http:\/\/rushmore.wpcolorlab.com\/?page_id=257"},"modified":"2023-05-04T13:44:15","modified_gmt":"2023-05-04T13:44:15","slug":"event","status":"publish","type":"page","link":"http:\/\/ibse.truni.sk\/","title":{"rendered":"Akcie"},"content":{"rendered":"\t\t<div data-elementor-type=\"wp-page\" data-elementor-id=\"257\" class=\"elementor elementor-257\">\n\t\t\t\t\t\t\t\t\t<section class=\"elementor-section elementor-top-section elementor-element elementor-element-f0fb74b elementor-section-boxed elementor-section-height-default elementor-section-height-default\" data-id=\"f0fb74b\" data-element_type=\"section\">\n\t\t\t\t\t\t<div class=\"elementor-container elementor-column-gap-default\">\n\t\t\t\t\t<div class=\"elementor-column elementor-col-100 elementor-top-column elementor-element elementor-element-8685895\" data-id=\"8685895\" data-element_type=\"column\">\n\t\t\t<div class=\"elementor-widget-wrap elementor-element-populated\">\n\t\t\t\t\t\t\t\t<div class=\"elementor-element elementor-element-c63ab46 elementor-widget elementor-widget-wp-widget-recent-posts\" data-id=\"c63ab46\" data-element_type=\"widget\" data-widget_type=\"wp-widget-recent-posts.default\">\n\t\t\t\t<div class=\"elementor-widget-container\">\n\t\t\t\n\t\t\n\t\t<h5>Najnov\u0161ie \u010dl\u00e1nky<\/h5><nav aria-label=\"Najnov\u0161ie \u010dl\u00e1nky\">\n\t\t<ul>\n\t\t\t\t\t\t\t\t\t\t\t<li>\n\t\t\t\t\t<a href=\"http:\/\/ibse.truni.sk\/index.php\/2023\/04\/01\/koncepcia-vzdelavania\/\">Pozv\u00e1nka na \u0161kolenie u\u010dite\u013eov ch\u00e9mie<\/a>\n\t\t\t\t\t\t\t\t\t<\/li>\n\t\t\t\t\t\t\t\t\t\t\t<li>\n\t\t\t\t\t<a href=\"http:\/\/ibse.truni.sk\/index.php\/2023\/02\/24\/projekty-2\/\">Sl\u00e1vnostn\u00e9 otvorenie laborat\u00f3ria didaktiky ch\u00e9mie<\/a>\n\t\t\t\t\t\t\t\t\t<\/li>\n\t\t\t\t\t\t\t\t\t\t\t<li>\n\t\t\t\t\t<a href=\"http:\/\/ibse.truni.sk\/index.php\/2023\/01\/01\/projekty\/\">O projekte<\/a>\n\t\t\t\t\t\t\t\t\t<\/li>\n\t\t\t\t\t\t\t\t\t\t\t<li>\n\t\t\t\t\t<a href=\"http:\/\/ibse.truni.sk\/index.php\/2023\/01\/01\/koncept\/\">Koncept v\u00fdskumne laden\u00e9ho vzdel\u00e1vania v on-line prostred\u00ed<\/a>\n\t\t\t\t\t\t\t\t\t<\/li>\n\t\t\t\t\t<\/ul>\n\n\t\t<\/nav>\t\t<\/div>\n\t\t\t\t<\/div>\n\t\t\t\t\t<\/div>\n\t\t<\/div>\n\t\t\t\t\t\t\t<\/div>\n\t\t<\/section>\n\t\t\t\t<section class=\"elementor-section elementor-top-section elementor-element elementor-element-7cf8b6d elementor-section-boxed elementor-section-height-default elementor-section-height-default\" data-id=\"7cf8b6d\" data-element_type=\"section\">\n\t\t\t\t\t\t<div class=\"elementor-container elementor-column-gap-default\">\n\t\t\t\t\t<div class=\"elementor-column elementor-col-100 elementor-top-column elementor-element elementor-element-25bcf14\" data-id=\"25bcf14\" data-element_type=\"column\">\n\t\t\t<div class=\"elementor-widget-wrap elementor-element-populated\">\n\t\t\t\t\t\t\t\t<div class=\"elementor-element elementor-element-68fd1c2 elementor-widget elementor-widget-wp-widget-calendar\" data-id=\"68fd1c2\" data-element_type=\"widget\" data-widget_type=\"wp-widget-calendar.default\">\n\t\t\t\t<div class=\"elementor-widget-container\">\n\t\t\t<div id=\"calendar_wrap\" class=\"calendar_wrap\"><table id=\"wp-calendar\" class=\"wp-calendar-table\">\n\t<caption>m\u00e1j 2026<\/caption>\n\t<thead>\n\t<tr>\n\t\t<th scope=\"col\" title=\"pondelok\">Po<\/th>\n\t\t<th scope=\"col\" title=\"utorok\">Ut<\/th>\n\t\t<th scope=\"col\" title=\"streda\">St<\/th>\n\t\t<th scope=\"col\" title=\"\u0161tvrtok\">\u0160t<\/th>\n\t\t<th scope=\"col\" title=\"piatok\">Pi<\/th>\n\t\t<th scope=\"col\" title=\"sobota\">So<\/th>\n\t\t<th scope=\"col\" title=\"nede\u013ea\">Ne<\/th>\n\t<\/tr>\n\t<\/thead>\n\t<tbody>\n\t<tr>\n\t\t<td colspan=\"4\" class=\"pad\">&nbsp;<\/td><td id=\"today\">1<\/td><td>2<\/td><td>3<\/td>\n\t<\/tr>\n\t<tr>\n\t\t<td>4<\/td><td>5<\/td><td>6<\/td><td>7<\/td><td>8<\/td><td>9<\/td><td>10<\/td>\n\t<\/tr>\n\t<tr>\n\t\t<td>11<\/td><td>12<\/td><td>13<\/td><td>14<\/td><td>15<\/td><td>16<\/td><td>17<\/td>\n\t<\/tr>\n\t<tr>\n\t\t<td>18<\/td><td>19<\/td><td>20<\/td><td>21<\/td><td>22<\/td><td>23<\/td><td>24<\/td>\n\t<\/tr>\n\t<tr>\n\t\t<td>25<\/td><td>26<\/td><td>27<\/td><td>28<\/td><td>29<\/td><td>30<\/td><td>31<\/td>\n\t<\/tr>\n\t<\/tbody>\n\t<\/table><nav aria-label=\"Predch\u00e1dzaj\u00face a nasleduj\u00face mesiace\" class=\"wp-calendar-nav\">\n\t\t<span class=\"wp-calendar-nav-prev\"><a href=\"http:\/\/ibse.truni.sk\/index.php\/2023\/04\/\">&laquo; apr<\/a><\/span>\n\t\t<span class=\"pad\">&nbsp;<\/span>\n\t\t<span class=\"wp-calendar-nav-next\">&nbsp;<\/span>\n\t<\/nav><\/div>\t\t<\/div>\n\t\t\t\t<\/div>\n\t\t\t\t\t<\/div>\n\t\t<\/div>\n\t\t\t\t\t\t\t<\/div>\n\t\t<\/section>\n\t\t\t\t<section class=\"elementor-section elementor-top-section elementor-element elementor-element-966f4bd elementor-section-boxed elementor-section-height-default elementor-section-height-default\" data-id=\"966f4bd\" data-element_type=\"section\">\n\t\t\t\t\t\t<div class=\"elementor-container elementor-column-gap-default\">\n\t\t\t\t\t<div class=\"elementor-column elementor-col-100 elementor-top-column elementor-element elementor-element-24be268\" data-id=\"24be268\" data-element_type=\"column\">\n\t\t\t<div class=\"elementor-widget-wrap elementor-element-populated\">\n\t\t\t\t\t\t\t\t\t<\/div>\n\t\t<\/div>\n\t\t\t\t\t\t\t<\/div>\n\t\t<\/section>\n\t\t\t\t\t\t\t<\/div>\n\t\t","protected":false},"excerpt":{"rendered":"","protected":false},"author":1,"featured_media":0,"parent":0,"menu_order":0,"comment_status":"closed","ping_status":"closed","template":"","meta":[],"_links":{"self":[{"href":"http:\/\/ibse.truni.sk\/index.php\/wp-json\/wp\/v2\/pages\/257"}],"collection":[{"href":"http:\/\/ibse.truni.sk\/index.php\/wp-json\/wp\/v2\/pages"}],"about":[{"href":"http:\/\/ibse.truni.sk\/index.php\/wp-json\/wp\/v2\/types\/page"}],"author":[{"embeddable":true,"href":"http:\/\/ibse.truni.sk\/index.php\/wp-json\/wp\/v2\/users\/1"}],"replies":[{"embeddable":true,"href":"http:\/\/ibse.truni.sk\/index.php\/wp-json\/wp\/v2\/comments?post=257"}],"version-history":[{"count":9,"href":"http:\/\/ibse.truni.sk\/index.php\/wp-json\/wp\/v2\/pages\/257\/revisions"}],"predecessor-version":[{"id":2482,"href":"http:\/\/ibse.truni.sk\/index.php\/wp-json\/wp\/v2\/pages\/257\/revisions\/2482"}],"wp:attachment":[{"href":"http:\/\/ibse.truni.sk\/index.php\/wp-json\/wp\/v2\/media?parent=257"}],"curies":[{"name":"wp","href":"https:\/\/api.w.org\/{rel}","templated":true}]}}